{"id":142,"date":"2020-02-17T12:32:57","date_gmt":"2020-02-17T11:32:57","guid":{"rendered":"http:\/\/nowewww.directbrokers.com.pl\/index.php\/home\/"},"modified":"2026-01-20T13:05:12","modified_gmt":"2026-01-20T12:05:12","slug":"home","status":"publish","type":"page","link":"https:\/\/directbrokers.com.pl\/","title":{"rendered":"Home"},"content":{"rendered":"\t\t<div data-elementor-type=\"wp-page\" data-elementor-id=\"142\" class=\"elementor elementor-142\">\n\t\t\t\t<div class=\"aux-parallax-section elementor-element elementor-element-5ce4570 e-con-full e-flex e-con e-parent\" data-id=\"5ce4570\" data-element_type=\"container\" data-e-type=\"container\" data-settings=\"{&quot;background_background&quot;:&quot;classic&quot;}\">\n\t\t<div class=\"elementor-element elementor-element-9cf6693 e-flex e-con-boxed e-con e-child\" data-id=\"9cf6693\" data-element_type=\"container\" data-e-type=\"container\">\n\t\t\t\t\t<div class=\"e-con-inner\">\n\t\t\t\t<div class=\"elementor-element elementor-element-bc20bcf elementor-widget elementor-widget-aux_image\" data-id=\"bc20bcf\" data-element_type=\"widget\" data-e-type=\"widget\" data-widget_type=\"aux_image.default\">\n\t\t\t\t<div class=\"elementor-widget-container\">\n\t\t\t\t\t<section class=\"widget-container aux-widget-image aux-alignnone aux-parent-aub1dee096\">\n    <div class=\"aux-media-hint-frame \">\n        <div class=\"aux-media-image \" >\n        \n            \n\n            \n                        \n                <\/div>\n    <\/div>\n\n<\/section><!-- widget-container -->\t\t\t\t<\/div>\n\t\t\t\t<\/div>\n\t\t<div class=\"elementor-element elementor-element-7b5a0eb e-con-full e-flex e-con e-child\" data-id=\"7b5a0eb\" data-element_type=\"container\" data-e-type=\"container\">\n\t\t<div class=\"elementor-element elementor-element-5830fbb e-con-full e-flex e-con e-child\" data-id=\"5830fbb\" data-element_type=\"container\" data-e-type=\"container\" data-settings=\"{&quot;background_background&quot;:&quot;classic&quot;}\">\n\t\t\t\t<div class=\"elementor-element elementor-element-09bb77c aux-appear-watch-animation aux-slide-from-bot elementor-widget__width-inherit elementor-widget elementor-widget-aux_modern_heading\" data-id=\"09bb77c\" data-element_type=\"widget\" data-e-type=\"widget\" data-widget_type=\"aux_modern_heading.default\">\n\t\t\t\t<div class=\"elementor-widget-container\">\n\t\t\t\t\t<section class=\"aux-widget-modern-heading\">\n            <div class=\"aux-widget-inner\"><h2 class=\"aux-modern-heading-primary\">DIRECT BROKERS<\/h2><h3 class=\"aux-modern-heading-secondary\"><span class=\"aux-head-highlight\">OUTSOURCING PROCES\u00d3W SPRZEDA\u017bY<\/span><\/h3><\/div>\n        <\/section>\t\t\t\t<\/div>\n\t\t\t\t<\/div>\n\t\t\t\t<\/div>\n\t\t\t\t<\/div>\n\t\t\t\t\t<\/div>\n\t\t\t\t<\/div>\n\t\t\t\t<\/div>\n\t\t<div class=\"aux-parallax-section elementor-element elementor-element-06c24f7 e-flex e-con-boxed e-con e-parent\" data-id=\"06c24f7\" data-element_type=\"container\" data-e-type=\"container\">\n\t\t\t\t\t<div class=\"e-con-inner\">\n\t\t<div class=\"elementor-element elementor-element-fa84216 e-con-full e-flex e-con e-child\" data-id=\"fa84216\" data-element_type=\"container\" data-e-type=\"container\">\n\t\t\t\t<div class=\"elementor-element elementor-element-3198252 elementor-widget elementor-widget-heading\" data-id=\"3198252\" data-element_type=\"widget\" data-e-type=\"widget\" data-widget_type=\"heading.default\">\n\t\t\t\t<div class=\"elementor-widget-container\">\n\t\t\t\t\t<h2 class=\"elementor-heading-title elementor-size-default\">O NAS<\/h2>\t\t\t\t<\/div>\n\t\t\t\t<\/div>\n\t\t\t\t<div class=\"elementor-element elementor-element-7dd67d0 aux-appear-watch-animation aux-scale-up elementor-widget elementor-widget-aux_modern_heading\" data-id=\"7dd67d0\" data-element_type=\"widget\" data-e-type=\"widget\" data-widget_type=\"aux_modern_heading.default\">\n\t\t\t\t<div class=\"elementor-widget-container\">\n\t\t\t\t\t<section class=\"aux-widget-modern-heading\">\n            <div class=\"aux-widget-inner\"><h2 class=\"aux-modern-heading-primary\"><\/h2><div class=\"aux-modern-heading-description\"><h5>Tworzymy programy sprzeda\u017cowe dedykowane klientom sektora finansowego, ubezpieczeniowego i telekomunikacyjnego. Budujemy je w oparciu o zintegrowane systemy informatyczne, rozbudowane procesy szkoleniowe oraz zapewniamy pe\u0142ny monitoring efektywno\u015bci. Nasz potencja\u0142 to bogate, ponad 7-letnie do\u015bwiadczenie w zarz\u0105dzaniu kampaniami telemarketingowymi bran\u017cy call center, obs\u0142udze klienta oraz telesprzeda\u017cy.<\/h5><\/div><\/div>\n        <\/section>\t\t\t\t<\/div>\n\t\t\t\t<\/div>\n\t\t<div class=\"elementor-element elementor-element-6df48fd e-con-full e-flex e-con e-child\" data-id=\"6df48fd\" data-element_type=\"container\" data-e-type=\"container\">\n\t\t<div class=\"elementor-element elementor-element-8cb3613 aux-appear-watch-animation aux-fade-in-right-1 e-con-full e-flex e-con e-child\" data-id=\"8cb3613\" data-element_type=\"container\" data-e-type=\"container\">\n\t\t\t\t<div class=\"elementor-element elementor-element-3c444a2 elementor-widget elementor-widget-aux_text\" data-id=\"3c444a2\" data-element_type=\"widget\" data-e-type=\"widget\" data-widget_type=\"aux_text.default\">\n\t\t\t\t<div class=\"elementor-widget-container\">\n\t\t\t\t\t<section class=\"widget-container aux-widget-text aux-parent-aue8d10836\">        <div class=\"aux-widget-advanced-text aux-wrap-style-simple aux-ico-pos- aux-text-center aux-text-resp- aux-text-color-dark aux-text-widget-bg-center  \" >\n        \n            \n            <div class=\"aux-text-inner aux-text-widget-content\">\n                                <h4 class=\"col-title\">WSPARCIE TECHNOLOGICZNE<\/h4>\n                                <div class=\"widget-content\">\n                                        <p>W zale\u017cno\u015bci od przekazanych kompetencji, nasza firma wykorzystuje dedykowane systemy informatyczne w celu optymalizacji jako\u015bci \u015bwiadczonych us\u0142ug, standaryzacji <br \/>i optymalizacji kosztowej.<\/p><p>\u00a0<\/p>                <\/div>\n                            <\/div>\n        <\/div>\n                    <div class=\"aux-text-widget-footer\">\n                <div class=\"aux-border-shape-none \">\n                                <\/div>\n            <\/div>\n        \n<\/section><!-- widget-container -->\t\t\t\t<\/div>\n\t\t\t\t<\/div>\n\t\t\t\t<\/div>\n\t\t<div class=\"elementor-element elementor-element-832a635 aux-appear-watch-animation aux-fade-in-up-1 e-con-full e-flex e-con e-child\" data-id=\"832a635\" data-element_type=\"container\" data-e-type=\"container\">\n\t\t\t\t<div class=\"elementor-element elementor-element-84ab8b4 elementor-widget elementor-widget-aux_text\" data-id=\"84ab8b4\" data-element_type=\"widget\" data-e-type=\"widget\" data-widget_type=\"aux_text.default\">\n\t\t\t\t<div class=\"elementor-widget-container\">\n\t\t\t\t\t<section class=\"widget-container aux-widget-text aux-parent-au3c935694\">        <div class=\"aux-widget-advanced-text aux-wrap-style-simple aux-ico-pos- aux-text-center aux-text-resp- aux-text-color-dark aux-text-widget-bg-center  \" >\n        \n            \n            <div class=\"aux-text-inner aux-text-widget-content\">\n                                <h4 class=\"col-title\">SZKOLENIA<\/h4>\n                                <div class=\"widget-content\">\n                                        <p>System szkole\u0144 realizowanych przez nasz\u0105 firm\u0119 przygotowany zosta\u0142 z my\u015bl\u0105 <br \/>o potrzebach os\u00f3b pracuj\u0105cych na r\u00f3\u017cnych stanowiskach w ramach dzia\u0142\u00f3w call\/contact center zar\u00f3wno o\u00a0profilu sprzeda\u017cowym jak i obs\u0142ugi klienta.\u00a0<\/p>                <\/div>\n                            <\/div>\n        <\/div>\n                    <div class=\"aux-text-widget-footer\">\n                <div class=\"aux-border-shape-none \">\n                                <\/div>\n            <\/div>\n        \n<\/section><!-- widget-container -->\t\t\t\t<\/div>\n\t\t\t\t<\/div>\n\t\t\t\t<\/div>\n\t\t<div class=\"elementor-element elementor-element-4b87378 aux-appear-watch-animation aux-fade-in-up-1 e-con-full e-flex e-con e-child\" data-id=\"4b87378\" data-element_type=\"container\" data-e-type=\"container\">\n\t\t\t\t<div class=\"elementor-element elementor-element-c40224a elementor-widget elementor-widget-aux_text\" data-id=\"c40224a\" data-element_type=\"widget\" data-e-type=\"widget\" data-widget_type=\"aux_text.default\">\n\t\t\t\t<div class=\"elementor-widget-container\">\n\t\t\t\t\t<section class=\"widget-container aux-widget-text aux-parent-au7c3f447f\">        <div class=\"aux-widget-advanced-text aux-wrap-style-simple aux-ico-pos- aux-text-center aux-text-resp- aux-text-color-dark aux-text-widget-bg-center  \" >\n        \n            \n            <div class=\"aux-text-inner aux-text-widget-content\">\n                                <h4 class=\"col-title\">AUDYT<\/h4>\n                                <div class=\"widget-content\">\n                                        <p>Specjali\u015bci Direct Brokers przejmuj\u0105 rol\u0119 manager\u00f3w zewn\u0119trznego Call Center <br \/>w celu optymalnego przeszkolenia kadry konsultant\u00f3w oraz bie\u017c\u0105cego zarz\u0105dzania ich prac\u0105.\u00a0<\/p><p>\u00a0<\/p>                <\/div>\n                            <\/div>\n        <\/div>\n                    <div class=\"aux-text-widget-footer\">\n                <div class=\"aux-border-shape-none \">\n                                <\/div>\n            <\/div>\n        \n<\/section><!-- widget-container -->\t\t\t\t<\/div>\n\t\t\t\t<\/div>\n\t\t\t\t<\/div>\n\t\t<div class=\"elementor-element elementor-element-a953cb5 aux-appear-watch-animation aux-fade-in-left-1 e-con-full e-flex e-con e-child\" data-id=\"a953cb5\" data-element_type=\"container\" data-e-type=\"container\">\n\t\t\t\t<div class=\"elementor-element elementor-element-b6eb2c5 elementor-widget elementor-widget-aux_text\" data-id=\"b6eb2c5\" data-element_type=\"widget\" data-e-type=\"widget\" data-widget_type=\"aux_text.default\">\n\t\t\t\t<div class=\"elementor-widget-container\">\n\t\t\t\t\t<section class=\"widget-container aux-widget-text aux-parent-au8aa42e3c\">        <div class=\"aux-widget-advanced-text aux-wrap-style-simple aux-ico-pos- aux-text-center aux-text-resp- aux-text-color-dark aux-text-widget-bg-center  \" >\n        \n            \n            <div class=\"aux-text-inner aux-text-widget-content\">\n                                <h4 class=\"col-title\">DO\u015aWIADCZENIE<\/h4>\n                                <div class=\"widget-content\">\n                                        <p>Nasze do\u015bwiadczenie to opracowanie\u00a0<br \/>i zarz\u0105dzanie ponad 20\u00a0programami akwizycyjnymi (telesprzeda\u017c produkt\u00f3w finansowych i\u00a0telekomunikacyjnych).<\/p><p>\u00a0<\/p><p>\u00a0<\/p>                <\/div>\n                            <\/div>\n        <\/div>\n                    <div class=\"aux-text-widget-footer\">\n                <div class=\"aux-border-shape-none \">\n                                <\/div>\n            <\/div>\n        \n<\/section><!-- widget-container -->\t\t\t\t<\/div>\n\t\t\t\t<\/div>\n\t\t\t\t<\/div>\n\t\t\t\t<\/div>\n\t\t\t\t<div class=\"elementor-element elementor-element-c628bd9 elementor-widget elementor-widget-aux_modern_button\" data-id=\"c628bd9\" data-element_type=\"widget\" data-e-type=\"widget\" data-widget_type=\"aux_modern_button.default\">\n\t\t\t\t<div class=\"elementor-widget-container\">\n\t\t\t\t\t    <div class=\"aux-modern-button-wrapper aux-modern-button-align-center\" >\n                    <a class=\"aux-modern-button aux-black aux-modern-button-md aux-modern-button-normal aux-modern-button-default aux-icon-\" href=\"http:\/\/nowewww.directbrokers.com.pl\/index.php\/contact\/\">\n                <div class=\"aux-overlay\"><\/div>\n                                    <div class=\"aux-icon \">\n                                            <\/div>\n                                <div class=\"aux-text\">\n<span class=\"aux-text-before\">Kontakt<\/span>                <\/div>\n            <\/a>\n            \n    <\/div>\n\n    \t\t\t\t<\/div>\n\t\t\t\t<\/div>\n\t\t\t\t<\/div>\n\t\t\t\t\t<\/div>\n\t\t\t\t<\/div>\n\t\t\t\t<\/div>\n\t\t","protected":false},"excerpt":{"rendered":"<p>DIRECT BROKERS OUTSOURCING PROCES\u00d3W SPRZEDA\u017bY O NAS Tworzymy programy sprzeda\u017cowe dedykowane klientom sektora finansowego, ubezpieczeniowego i telekomunikacyjnego. Budujemy je w oparciu o zintegrowane systemy informatyczne, rozbudowane procesy szkoleniowe oraz zapewniamy pe\u0142ny monitoring efektywno\u015bci. Nasz potencja\u0142 to bogate, ponad 7-letnie do\u015bwiadczenie w zarz\u0105dzaniu kampaniami telemarketingowymi bran\u017cy call center, obs\u0142udze klienta oraz telesprzeda\u017cy. WSPARCIE TECHNOLOGICZNE W zale\u017cno\u015bci [&hellip;]<\/p>\n","protected":false},"author":1,"featured_media":0,"parent":0,"menu_order":0,"comment_status":"closed","ping_status":"closed","template":"templates\/page-builder-content.php","meta":{"footnotes":""},"class_list":["post-142","page","type-page","status-publish","hentry"],"_links":{"self":[{"href":"https:\/\/directbrokers.com.pl\/index.php\/wp-json\/wp\/v2\/pages\/142","targetHints":{"allow":["GET"]}}],"collection":[{"href":"https:\/\/directbrokers.com.pl\/index.php\/wp-json\/wp\/v2\/pages"}],"about":[{"href":"https:\/\/directbrokers.com.pl\/index.php\/wp-json\/wp\/v2\/types\/page"}],"author":[{"embeddable":true,"href":"https:\/\/directbrokers.com.pl\/index.php\/wp-json\/wp\/v2\/users\/1"}],"replies":[{"embeddable":true,"href":"https:\/\/directbrokers.com.pl\/index.php\/wp-json\/wp\/v2\/comments?post=142"}],"version-history":[{"count":90,"href":"https:\/\/directbrokers.com.pl\/index.php\/wp-json\/wp\/v2\/pages\/142\/revisions"}],"predecessor-version":[{"id":587,"href":"https:\/\/directbrokers.com.pl\/index.php\/wp-json\/wp\/v2\/pages\/142\/revisions\/587"}],"wp:attachment":[{"href":"https:\/\/directbrokers.com.pl\/index.php\/wp-json\/wp\/v2\/media?parent=142"}],"curies":[{"name":"wp","href":"https:\/\/api.w.org\/{rel}","templated":true}]}}